{"id":10464,"date":"2015-07-24T14:15:34","date_gmt":"2015-07-24T12:15:34","guid":{"rendered":"http:\/\/santroc.xarxa-omnia.org\/?page_id=10464"},"modified":"2015-07-24T14:15:34","modified_gmt":"2015-07-24T12:15:34","slug":"cointegra-bdn-capac","status":"publish","type":"page","link":"https:\/\/santroc.xarxa-omnia.org\/?page_id=10464","title":{"rendered":"Cointegra &#8211; Bdn Capa\u00e7"},"content":{"rendered":"<p>Cointegra \u00e9s un centre ocupacional de la Fundaci\u00f3 Badalona Capa\u00e7 que at\u00e9n a persones amb discapacitat intel\u2022lectual i vetlla per la seva inclusi\u00f3 i la igualtat d\u2019oportunitats com a ciutadans o ciutadanes de ple dret.<\/p>\n<p><a href=\"http:\/\/www.bdncapac.cat\/cat\/cointegra-artesania-complements-bijuteria#\"><img loading=\"lazy\" decoding=\"async\" class=\"alignleft size-thumbnail wp-image-10473\" title=\"collage-artesania-cointegra1\" src=\"https:\/\/santroc.xarxa-omnia.org\/wp-content\/uploads\/2015\/07\/collage-artesania-cointegra11-150x93.jpg\" alt=\"collage-artesania-cointegra1\" width=\"150\" height=\"93\" \/><\/a>Realitzen productes artesanals (Complements: Bijuteria, Fulars, Fermalls, Ventalls. Llar i decoraci\u00f3: Marcs, miralls, tasses decorades. Regals sostenibles, i de temporada de Nadal i Sant Jordi), serigrafia i cervesa artesanal que es poden trobar a fires socials i al seu centre.<br \/>\nEstan a:<br \/>\nCentre Ocupacional Cointegra<br \/>\nC. Juli Galve Brussons 108-124. 08918 Badalona<br \/>\nWeb Galeria Productes Artesanals: <a href=\"http:\/\/www.bdncapac.cat\/cat\/cointegra-artesania-complements-bijuteria\">http:\/\/www.bdncapac.cat\/cat\/cointegra-artesania-complements-bijuteria<\/a><br \/>\nWeb Cointegra: <a href=\"http:\/\/www.bdncapac.cat\/cat\/cointegra\">http:\/\/www.bdncapac.cat\/cat\/cointegra<\/a><\/p>\n<p>Taller TIC amb el Punt \u00d2mnia Casal C\u00edvic Sant Roc: <a href=\"http:\/\/\/?p=10455\">http:\/\/\/?p=10455<\/a><\/p>\n","protected":false},"excerpt":{"rendered":"<p>Cointegra \u00e9s un centre ocupacional de la Fundaci\u00f3 Badalona Capa\u00e7 que at\u00e9n a persones amb discapacitat intel\u2022lectual i vetlla per la seva inclusi\u00f3 i la igualtat d\u2019oportunitats com a ciutadans o ciutadanes de ple dret. Realitzen productes artesanals (Complements: Bijuteria, Fulars, Fermalls, Ventalls. Llar i decoraci\u00f3: Marcs, miralls, tasses decorades. Regals sostenibles, i de temporada [&hellip;]<\/p>\n","protected":false},"author":1,"featured_media":0,"parent":99,"menu_order":0,"comment_status":"open","ping_status":"open","template":"","meta":{"footnotes":""},"class_list":["post-10464","page","type-page","status-publish","czr-hentry"],"_links":{"self":[{"href":"https:\/\/santroc.xarxa-omnia.org\/index.php?rest_route=\/wp\/v2\/pages\/10464","targetHints":{"allow":["GET"]}}],"collection":[{"href":"https:\/\/santroc.xarxa-omnia.org\/index.php?rest_route=\/wp\/v2\/pages"}],"about":[{"href":"https:\/\/santroc.xarxa-omnia.org\/index.php?rest_route=\/wp\/v2\/types\/page"}],"author":[{"embeddable":true,"href":"https:\/\/santroc.xarxa-omnia.org\/index.php?rest_route=\/wp\/v2\/users\/1"}],"replies":[{"embeddable":true,"href":"https:\/\/santroc.xarxa-omnia.org\/index.php?rest_route=%2Fwp%2Fv2%2Fcomments&post=10464"}],"version-history":[{"count":0,"href":"https:\/\/santroc.xarxa-omnia.org\/index.php?rest_route=\/wp\/v2\/pages\/10464\/revisions"}],"up":[{"embeddable":true,"href":"https:\/\/santroc.xarxa-omnia.org\/index.php?rest_route=\/wp\/v2\/pages\/99"}],"wp:attachment":[{"href":"https:\/\/santroc.xarxa-omnia.org\/index.php?rest_route=%2Fwp%2Fv2%2Fmedia&parent=10464"}],"curies":[{"name":"wp","href":"https:\/\/api.w.org\/{rel}","templated":true}]}}