{"id":191,"date":"2009-10-28T12:57:47","date_gmt":"2009-10-28T10:57:47","guid":{"rendered":"http:\/\/santroc.xarxa-omnia.org\/?page_id=191"},"modified":"2009-10-28T12:57:47","modified_gmt":"2009-10-28T10:57:47","slug":"adreces-utils","status":"publish","type":"page","link":"https:\/\/santroc.xarxa-omnia.org\/?page_id=191","title":{"rendered":"Adreces"},"content":{"rendered":"<p>Es desplega el men\u00fa <strong>Adreces \u00fatils <\/strong>capdavall i la dreta per mostrar m\u00e9s opcions. Selecciona el tipus d\u00b4adreces: Badalona o Treball BDN&#8230;<\/p>\n","protected":false},"excerpt":{"rendered":"<p>Es desplega el men\u00fa Adreces \u00fatils capdavall i la dreta per mostrar m\u00e9s opcions. Selecciona el tipus d\u00b4adreces: Badalona o Treball BDN&#8230;<\/p>\n","protected":false},"author":1,"featured_media":0,"parent":0,"menu_order":0,"comment_status":"open","ping_status":"open","template":"","meta":{"footnotes":""},"class_list":["post-191","page","type-page","status-publish","czr-hentry"],"_links":{"self":[{"href":"https:\/\/santroc.xarxa-omnia.org\/index.php?rest_route=\/wp\/v2\/pages\/191","targetHints":{"allow":["GET"]}}],"collection":[{"href":"https:\/\/santroc.xarxa-omnia.org\/index.php?rest_route=\/wp\/v2\/pages"}],"about":[{"href":"https:\/\/santroc.xarxa-omnia.org\/index.php?rest_route=\/wp\/v2\/types\/page"}],"author":[{"embeddable":true,"href":"https:\/\/santroc.xarxa-omnia.org\/index.php?rest_route=\/wp\/v2\/users\/1"}],"replies":[{"embeddable":true,"href":"https:\/\/santroc.xarxa-omnia.org\/index.php?rest_route=%2Fwp%2Fv2%2Fcomments&post=191"}],"version-history":[{"count":0,"href":"https:\/\/santroc.xarxa-omnia.org\/index.php?rest_route=\/wp\/v2\/pages\/191\/revisions"}],"wp:attachment":[{"href":"https:\/\/santroc.xarxa-omnia.org\/index.php?rest_route=%2Fwp%2Fv2%2Fmedia&parent=191"}],"curies":[{"name":"wp","href":"https:\/\/api.w.org\/{rel}","templated":true}]}}