{"id":193,"date":"2009-10-28T12:58:35","date_gmt":"2009-10-28T10:58:35","guid":{"rendered":"http:\/\/santroc.xarxa-omnia.org\/?page_id=193"},"modified":"2009-10-28T12:58:35","modified_gmt":"2009-10-28T10:58:35","slug":"badalona","status":"publish","type":"page","link":"https:\/\/santroc.xarxa-omnia.org\/?page_id=193","title":{"rendered":"Adreces \u00fatils Badalona"},"content":{"rendered":"<h3 style=\"text-align: center;\"><span style=\"text-decoration: underline;\"><strong>ADRECES I TEL\u00c8FONS D\u2019INTER\u00c8S DE BADALONA &#8211; SANT ROC<\/strong><\/span><\/h3>\n<p><strong>SERVEIS SOCIALS A SANT ROC- Ajuntament de Badalona<\/strong><br \/>\nAv. Congr\u00e9s Eucar\u00edstic, 16<br \/>\nTel: 93 388 87 82<br \/>\n(Dilluns-10h reparteixen 12 n\u00fameros presencialment )<br \/>\n(Dimarts i dimecres \u2013 de 10 a 11.30 h es demana cita per tel\u00e8fon)<\/p>\n<p><strong>SEGURETAT SOCIAL<\/strong><br \/>\nc\/ Margarida Xirgu, 33-39. Badalona<br \/>\nTel: 93 3841311 \/ 93 3841715<\/p>\n<p><strong>TEL\u00c8FON D&#8217;INFORMACI\u00d3 AJUNTAMENT DE BADALONA<\/strong><br \/>\nTel. 93 483 29 20<\/p>\n<p><strong>TEL. 012 ATENCI\u00d3 CIUTADANA<\/strong> i informaci\u00f3 telef\u00f2nica especialitzada: atenci\u00f3 a les dones, a la inf\u00e0ncia&#8230;<\/p>\n<p><strong>OFICINES D&#8217;ACCI\u00d3 CIUTADANA (OAC)<br \/>\n<\/strong><\/p>\n<p><strong>&gt;&gt; Oficina d&#8217;Acci\u00f3 Ciutadana de Badalona-Sant Roc<\/strong><strong><br \/>\n<\/strong>Adre\u00e7a: Avinguda del Maresme, 182-190<br \/>\nPoblaci\u00f3: 08918 Badalona<br \/>\nTel\u00e8fon: 93 383 37 11<br \/>\nFax: 93 383 18 07<\/p>\n<p><strong>&gt;&gt; Oficina d&#8217;Acci\u00f3 Ciutadana de Llefi\u00e0<br \/>\n<\/strong>Adre\u00e7a: Carrer La Pau, 23 cant. Mare de D\u00e9u de Lorda<br \/>\nPoblaci\u00f3:08913 Badalona<br \/>\nTel\u00e8fon: 93 460 25 66. Fax: 93 460 02 71<\/p>\n<p><strong>&gt;&gt;Oficina d&#8217;Acci\u00f3 Ciutadana de Lloreda-Sant Crist<\/strong><br \/>\nAdre\u00e7a: Rambla de Sant Joan, 79<br \/>\nPoblaci\u00f3: 08917 Badalona<br \/>\nTel\u00e8fon: 93 399 54 11.  Fax: 93 399 13 50<\/p>\n<p><strong>&gt;&gt;Oficina d&#8217;Acci\u00f3 Ciutadana del Pomar<br \/>\n<\/strong>Adre\u00e7a: Avinguda de Sabadell, s\/n<br \/>\nPoblaci\u00f3: 08915 Badalona<br \/>\nTel\u00e8fon: 93 395 06 01.  Fax: 93 465 07 93<\/p>\n<p><strong>TEL\u00c8FON INFORMACI\u00d3 AJUNTAMENT DE BADALONA<\/strong><br \/>\nTel. 93 483 29 20<\/p>\n<p><strong>AJUNTAMENT DE BADALONA (DELEGACI\u00d3 LOCAL)<br \/>\n<\/strong>C. Sant Joan Evangelista, s\/n  1a planta (Mercat Municipal de Sant Roc)<br \/>\nTel. 93 387 06 12<\/p>\n<p><strong>OFICINA MUNICIPAL DE DISTRICTE N\u00daM.6<br \/>\n<\/strong>C. Sant Joan Evangelista, s\/n  1a planta (Mercat Municipal de Sant Roc)<br \/>\nTel. 93 387 03 16<\/p>\n<p><strong>OFICINA LOCAL D\u2019HABITATGE DE BADALONA (OLH)<br \/>\n<\/strong>Av. Alfons XIII, cantonada amb C. Ponent. Pavell\u00f3 Ol\u00edmpic<br \/>\nHorari:  dilluns a dijous de 9.30 a 14 h i de 16 a 19 h, Divendres de 9.30 a 14 h<br \/>\nTel. 93 461 04 18<\/p>\n<p><strong>DELEGACI\u00d3 D\u2019HISENDA BADALONA<\/strong><br \/>\nC\/ Via Augusta 22-24. Badalona.<br \/>\nTel. 93 384 62 14<\/p>\n<p><strong>OTG ARIBAU (Oficina de Treball de la Generalitat. Antigament INEM)<br \/>\n<\/strong>C. Aribau, 11. Badalona<br \/>\nTelf. 93 460 54 66<\/p>\n<p><strong>Web<\/strong> Servei d&#8217;Ocupaci\u00f3 de Catalunya SOC : <a title=\"oficina treball\" href=\"http:\/\/www.oficinatreball.cat\" target=\"_blank\">http:\/\/www.oficinatreball.cat<\/a><\/p>\n<p><strong>PUNT D&#8217;INFORMACI\u00d3 I ASSESSORAMENT PER A PERSONES NOUVINGUDES &#8211; DE TOT ARREU<br \/>\n<\/strong><\/p>\n<p>&#8211; Activitats:<\/p>\n<p>. <strong>Assessorament jur\u00eddic<\/strong>: perm\u00eds de resid\u00e8ncia, de treball, reagrupaci\u00f3 familiar, etc.<\/p>\n<p>. <strong>Punt d&#8217;informaci\u00f3 i recursos<\/strong> de l&#8217;entorn: escola, formaci\u00f3, lleure, etc.<\/p>\n<p><strong>Adre\u00e7a<\/strong>: Carrer Sant Joan Evangelista, s\/n (Edifici del Mercat de Sant Roc)<\/p>\n<p>Horaris:<\/p>\n<p><strong>Horaris<\/strong>:<\/p>\n<p>. Matins: dimarts, dimecres, divendres de 9 a 13h.<\/p>\n<p>. Tardes: dilluns, dijous de 16.30 a 20.30, dimarts de 18h a 20h.<\/p>\n<p><span style=\"text-decoration: underline;\"><strong>TREBALL<\/strong><\/span><\/p>\n<p><strong>IMPO &#8211; Institut Municipal de Promoci\u00f3 de l&#8217;Ocupaci\u00f3 (IMPO)<\/strong><br \/>\nOrganisme aut\u00f2nom de l&#8217;Ajuntament de Badalona amb la finalitat de dissenyar, promoure i gestionar els recursos que permetin millorar l&#8217;ocupabilitat de la poblaci\u00f3.<\/p>\n<p><strong>Web<\/strong>:  impo.cat<\/p>\n<p><strong>IMPO. Can Bosc\u00e0<br \/>\n<\/strong>C\/ Nova Can\u00e7\u00f3, 1 &#8211; 08915 Badalona<br \/>\nTelf. 93 460 52 00.  Fax. 93 460 52 01<br \/>\nCorreu elect.   impo@impo.es<\/p>\n<p><strong>IMPO. Alfons XII<br \/>\n<\/strong>C\/ Alfons XII, 691. 08918 Badalona<br \/>\nTelf. 93 383 10 59. Fax. 93 399 50 87<\/p>\n<p><span style=\"text-decoration: underline;\"><strong>ESTUDIAR APRENDRE FORMAR-SE<\/strong><\/span><\/p>\n<p><strong>Escola oficial d&#8217;Idiomes Badalona:<\/strong> Cursos d&#8217;angl\u00e8s, franc\u00e8s, etc.<br \/>\nAvinguda Marqu\u00e8s de Montroig 237, 08918 Badalona<br \/>\nTel\u00e8fon: 93 383 30 99<br \/>\ncorreu electr\u00f2nic: eoibadalona@xtec.cat<\/p>\n<p>Web:\u00a0 <a href=\"http:\/\/blocs.xtec.cat\/eoibadalona\/\" target=\"_self\">http:\/\/blocs.xtec.cat\/eoibadalona\/<\/a><\/p>\n<p><strong>Cursos de Catal\u00e0 Normalitzaci\u00f3 Ling\u00fc\u00edstica<br \/>\n<\/strong><\/p>\n<p>CNL de Badalona i Sant Adri\u00e0<br \/>\nAv. Alfons XIII, 14-16, entl. 1a. 08912 Badalona<br \/>\nTel. 933984630.    Fax 933985617<br \/>\nCorreu: badalona@cpnl.cat Web: <a href=\"http:\/\/www.cpnl.cat\/\" target=\"_blank\">http:\/\/www.cpnl.cat\/<\/a><\/p>\n<p><strong>Escola d&#8217;Adults Sant Roc Badalona<\/strong><\/p>\n<p>Cursos de Castell\u00e0 Catal\u00e0 Angl\u00e8s<\/p>\n<p>Casal C\u00edvic Sant Roc. Av. Maresme, 182-190. 08918 Badalona.<br \/>\nTel\u00e9fon: 934603996<\/p>\n","protected":false},"excerpt":{"rendered":"<p>ADRECES I TEL\u00c8FONS D\u2019INTER\u00c8S DE BADALONA &#8211; SANT ROC SERVEIS SOCIALS A SANT ROC- Ajuntament de Badalona Av. Congr\u00e9s Eucar\u00edstic, 16 Tel: 93 388 87 82 (Dilluns-10h reparteixen 12 n\u00fameros presencialment ) (Dimarts i dimecres \u2013 de 10 a 11.30 h es demana cita per tel\u00e8fon) SEGURETAT SOCIAL c\/ Margarida Xirgu, 33-39. Badalona Tel: 93 [&hellip;]<\/p>\n","protected":false},"author":1,"featured_media":0,"parent":191,"menu_order":0,"comment_status":"open","ping_status":"open","template":"","meta":{"footnotes":""},"class_list":["post-193","page","type-page","status-publish","czr-hentry"],"_links":{"self":[{"href":"https:\/\/santroc.xarxa-omnia.org\/index.php?rest_route=\/wp\/v2\/pages\/193","targetHints":{"allow":["GET"]}}],"collection":[{"href":"https:\/\/santroc.xarxa-omnia.org\/index.php?rest_route=\/wp\/v2\/pages"}],"about":[{"href":"https:\/\/santroc.xarxa-omnia.org\/index.php?rest_route=\/wp\/v2\/types\/page"}],"author":[{"embeddable":true,"href":"https:\/\/santroc.xarxa-omnia.org\/index.php?rest_route=\/wp\/v2\/users\/1"}],"replies":[{"embeddable":true,"href":"https:\/\/santroc.xarxa-omnia.org\/index.php?rest_route=%2Fwp%2Fv2%2Fcomments&post=193"}],"version-history":[{"count":0,"href":"https:\/\/santroc.xarxa-omnia.org\/index.php?rest_route=\/wp\/v2\/pages\/193\/revisions"}],"up":[{"embeddable":true,"href":"https:\/\/santroc.xarxa-omnia.org\/index.php?rest_route=\/wp\/v2\/pages\/191"}],"wp:attachment":[{"href":"https:\/\/santroc.xarxa-omnia.org\/index.php?rest_route=%2Fwp%2Fv2%2Fmedia&parent=193"}],"curies":[{"name":"wp","href":"https:\/\/api.w.org\/{rel}","templated":true}]}}