{"id":299,"date":"2001-10-15T15:40:00","date_gmt":"2001-10-15T13:40:00","guid":{"rendered":"http:\/\/xarxa-omnia.org\/santroc\/?page_id=299"},"modified":"2025-09-09T12:39:20","modified_gmt":"2025-09-09T10:39:20","slug":"treball-insercio-laboral","status":"publish","type":"page","link":"https:\/\/santroc.xarxa-omnia.org\/?page_id=299","title":{"rendered":"Empleo"},"content":{"rendered":"<table border=\"0\">\n<tbody>\n<tr>\n<td style=\"text-align: center;\"><\/td>\n<td>\n<h2 style=\"text-align: center;\"><strong><span style=\"color: #ff9900;\">\u00cdNDEX PORTADA FEINA :<\/span><\/strong><\/h2>\n<\/td>\n<td><\/td>\n<\/tr>\n<tr>\n<td align=\"center\" valign=\"top\" height=\"30\"><a href=\"https:\/\/santroc.xarxa-omnia.org\/wp-content\/uploads\/omniasantroc-nube-empleo1.jpg\"><img loading=\"lazy\" decoding=\"async\" class=\"alignnone size-full wp-image-8285\" title=\"omniasantroc-nube-empleo\" src=\"https:\/\/santroc.xarxa-omnia.org\/wp-content\/uploads\/omniasantroc-nube-empleo1.jpg\" alt=\"omniasantroc-nube-empleo\" width=\"150\" height=\"77\" \/><\/a><\/td>\n<td valign=\"middle\">\n<h3><a href=\"http:\/\/\/?cat=62\">Comen\u00e7ar b\u00e9 | Empezar Bien<\/a><\/h3>\n<\/td>\n<td><\/td>\n<\/tr>\n<tr>\n<td align=\"center\" valign=\"top\" height=\"30\"><a href=\"http:\/\/\/?cat=775\"><img loading=\"lazy\" decoding=\"async\" class=\"size-full wp-image-3566 alignnone\" title=\"brujula100\" src=\"https:\/\/santroc.xarxa-omnia.org\/wp-content\/uploads\/2010\/11\/brujula100.jpg\" alt=\"brujula100\" width=\"60\" height=\"58\" \/><\/a><\/td>\n<td valign=\"middle\">\n<h3><a href=\"http:\/\/\/?cat=775\">Objectius &#8211; Compet\u00e8ncies | Objetivos Competencias<\/a><\/h3>\n<\/td>\n<td><\/td>\n<\/tr>\n<tr>\n<td align=\"center\" valign=\"middle\" height=\"30\"><a href=\"http:\/\/\/?cat=239\"><img loading=\"lazy\" decoding=\"async\" class=\"size-full wp-image-429 alignnone\" title=\"imatge-borsa-treball60x60\" src=\"https:\/\/santroc.xarxa-omnia.org\/wp-content\/uploads\/imatge-borsa-treball60x60.jpg\" alt=\"borsa treball anuncis bolsa empleo anuncios\" width=\"60\" height=\"60\" \/><\/a><\/td>\n<td valign=\"middle\">\n<h3><a href=\"http:\/\/\/?cat=239\">Borses de treball Anuncis | Bolsas de Trabajo Anuncios<\/a><\/h3>\n<\/td>\n<td><\/td>\n<\/tr>\n<tr>\n<td align=\"center\" valign=\"middle\" height=\"30\"><span style=\"text-decoration: none;\"><span style=\"font-size: 250%;\"><a href=\"http:\/\/\/?cat=280\">ETT<\/a><\/span><\/span><\/td>\n<td align=\"left\" valign=\"middle\" height=\"30\">\n<h3><a href=\"http:\/\/\/?cat=280\">Webs portals de ETTs | Portales de Empresas de Trabajo Temporal<\/a><\/h3>\n<\/td>\n<td><\/td>\n<\/tr>\n<tr>\n<td align=\"center\" valign=\"middle\" height=\"30\"><a href=\"http:\/\/\/?cat=240\"><img loading=\"lazy\" decoding=\"async\" class=\"alignnone\" title=\"@ buscador email directorios cercador email directoris\" src=\"https:\/\/santroc.xarxa-omnia.org\/wp-content\/uploads\/email-pc60x60.jpg\" alt=\"buscador email directorios cercador email directoris\" width=\"50\" height=\"50\" \/><\/a><\/td>\n<td align=\"left\" valign=\"middle\" height=\"30\">\n<h3><a href=\"http:\/\/\/?cat=240\">Directoris, Cercadors, Correu | Directorios, Buscadores, Correo<\/a><\/h3>\n<\/td>\n<\/tr>\n<tr>\n<td align=\"center\" valign=\"middle\" height=\"30\">\n<h3 style=\"font-size: 400%;\">@<\/h3>\n<\/td>\n<td align=\"left\" valign=\"middle\" height=\"30\">\n<h3><a href=\"http:\/\/\/?cat=576\">Llistat Canals Webs d&#8217;Empreses | Listado Canales Empleo Webs de Empresas<\/a><\/h3>\n<\/td>\n<td><\/td>\n<\/tr>\n<tr>\n<td align=\"center\" valign=\"middle\" height=\"30\">\n<h3 style=\"font-size: 150%;\">ANUNCIOS<\/h3>\n<\/td>\n<td valign=\"middle\" height=\"30\">\n<h3><\/h3>\n<h3><a href=\"http:\/\/www.netvibes.com\/omniasantroc#\">Rss Ofertes Treball Borses Treball BCN | Ofertas Bolsas Empleo<\/a><\/h3>\n<\/td>\n<td><\/td>\n<\/tr>\n<tr>\n<td align=\"center\" valign=\"middle\" height=\"30\">\n<h3 style=\"font-size: 150%;\">DIRECCIONES<\/h3>\n<\/td>\n<td>\n<h3><a href=\"http:\/\/\/?cat=19\">Adreces \u00fatils Treball BDN BCN | Direcciones \u00fatiles Trabajo BDN BCN<\/a><\/h3>\n<\/td>\n<\/tr>\n<tr>\n<td align=\"center\" valign=\"middle\" height=\"30\">\n<h3 style=\"font-size: 150%;\">FORMACI\u00d3N<\/h3>\n<\/td>\n<td>\n<h3><a href=\"http:\/\/\/?cat=504\">Cursos subvencionats Formaci\u00f3 Ocupacional | Cursos Subvencionados<\/a><\/h3>\n<\/td>\n<\/tr>\n<tr>\n<td align=\"center\" valign=\"middle\" height=\"30\">\n<h3 style=\"font-size: 150%;\">CV<\/h3>\n<\/td>\n<td valign=\"middle\" height=\"30\">\n<h3><a title=\"Consells elaboraci\u00f3 \u2013 Consejos elaboraci\u00f3n CV\" href=\"http:\/\/\/?cat=284\" rel=\"bookmark\">Consells elaboraci\u00f3 Curr\u00edculum | Consejos elaboraci\u00f3n CV<\/a><\/h3>\n<\/td>\n<td><\/td>\n<\/tr>\n<tr>\n<td valign=\"middle\" height=\"30\"><\/td>\n<td valign=\"middle\" height=\"30\">\n<h3><a title=\"model cv cronologic\" href=\"http:\/\/\/?cat=251\" rel=\"bookmark\">Model Curr\u00edculum cronol\u00f2gic<\/a><\/h3>\n<\/td>\n<td><\/td>\n<\/tr>\n<tr>\n<td valign=\"middle\" height=\"30\"><\/td>\n<td valign=\"middle\" height=\"30\">\n<h3><a href=\"http:\/\/\/?cat=522\">Model Curr\u00edculum Funcional<\/a><\/h3>\n<\/td>\n<td><\/td>\n<\/tr>\n<tr>\n<td valign=\"middle\" height=\"30\"><\/td>\n<td valign=\"middle\" height=\"30\">\n<h3><a href=\"http:\/\/\/?cat=565\">Cartes de candidatura | Cartas de Candidatura Mail<\/a><\/h3>\n<\/td>\n<td><\/td>\n<\/tr>\n<tr>\n<td align=\"center\" valign=\"middle\" height=\"30\"><\/td>\n<td valign=\"middle\" height=\"30\">\n<h3><a href=\"http:\/\/\/?p=3871\">Tutorial Enviament Curriculum per Em@il<\/a><\/h3>\n<\/td>\n<td><\/td>\n<\/tr>\n<tr>\n<td align=\"center\" valign=\"middle\" height=\"30\"><\/td>\n<td valign=\"middle\" height=\"30\"><\/td>\n<td><\/td>\n<\/tr>\n<\/tbody>\n<\/table>\n","protected":false},"excerpt":{"rendered":"<p>\u00cdNDEX PORTADA FEINA : Comen\u00e7ar b\u00e9 | Empezar Bien Objectius &#8211; Compet\u00e8ncies | Objetivos Competencias Borses de treball Anuncis | Bolsas de Trabajo Anuncios ETT Webs portals de ETTs | Portales de Empresas de Trabajo Temporal Directoris, Cercadors, Correu | Directorios, Buscadores, Correo @ Llistat Canals Webs d&#8217;Empreses | Listado Canales Empleo Webs de Empresas [&hellip;]<\/p>\n","protected":false},"author":1,"featured_media":0,"parent":0,"menu_order":0,"comment_status":"open","ping_status":"open","template":"","meta":{"footnotes":""},"class_list":["post-299","page","type-page","status-publish","czr-hentry"],"_links":{"self":[{"href":"https:\/\/santroc.xarxa-omnia.org\/index.php?rest_route=\/wp\/v2\/pages\/299","targetHints":{"allow":["GET"]}}],"collection":[{"href":"https:\/\/santroc.xarxa-omnia.org\/index.php?rest_route=\/wp\/v2\/pages"}],"about":[{"href":"https:\/\/santroc.xarxa-omnia.org\/index.php?rest_route=\/wp\/v2\/types\/page"}],"author":[{"embeddable":true,"href":"https:\/\/santroc.xarxa-omnia.org\/index.php?rest_route=\/wp\/v2\/users\/1"}],"replies":[{"embeddable":true,"href":"https:\/\/santroc.xarxa-omnia.org\/index.php?rest_route=%2Fwp%2Fv2%2Fcomments&post=299"}],"version-history":[{"count":1,"href":"https:\/\/santroc.xarxa-omnia.org\/index.php?rest_route=\/wp\/v2\/pages\/299\/revisions"}],"predecessor-version":[{"id":13930,"href":"https:\/\/santroc.xarxa-omnia.org\/index.php?rest_route=\/wp\/v2\/pages\/299\/revisions\/13930"}],"wp:attachment":[{"href":"https:\/\/santroc.xarxa-omnia.org\/index.php?rest_route=%2Fwp%2Fv2%2Fmedia&parent=299"}],"curies":[{"name":"wp","href":"https:\/\/api.w.org\/{rel}","templated":true}]}}